{"id":854,"date":"2025-07-16T10:49:15","date_gmt":"2025-07-16T10:49:15","guid":{"rendered":"https:\/\/volleyball-city-girls.tusa06.de\/?page_id=854"},"modified":"2025-09-11T09:15:38","modified_gmt":"2025-09-11T09:15:38","slug":"privacy-policy-2","status":"publish","type":"page","link":"https:\/\/volleyball-city-girls.tusa06.de\/?page_id=854","title":{"rendered":"Impressum"},"content":{"rendered":"\n<h1 class=\"wp-block-heading\">Impressum<\/h1>\n\n\n\n<p><strong>DJK TUSA 06 D\u00fcsseldorf e.V.<br><br><\/strong>Postanschrift:<br><br>Fleher Str. 224b<br>40223 D\u00fcsseldorf<br><br>T: 0179 11 90 172<br>E-Mail:\u00a0<a href=\"mailto:verein@tusa06.de\" target=\"_blank\" rel=\"noreferrer noopener\">verein@tusa06.de<\/a><br><br>Registernummer-Nr.:3922, Vereinsregister D\u00fcsseldorf<br><br>Steuernummer: 106\/5742\/0376, Finanzamt D\u00fcsseldorf-S\u00fcd<br><br>Gemeinn\u00fctzige Anerkennung gem. Freistellung vom&nbsp;30.09.2024<br>Vorstand lt. \u00a726 BGB: Ute Groth, Gunter Bliss-M\u00fcller, Frank Heemsoth,&nbsp;Gesch\u00e4ftsf\u00fchrerin lt. \u00a730 BGB: Anke Teraa<\/p>\n\n\n\n<p><br><br><strong>Urheberrechte<br><\/strong>Alle Grafiken, Bilder, Texte und sonstigen Daten im Umfang dieses Internet-Angebotes sind urheberrechtlich gesch\u00fctzt und sind, soweit nicht anders angegeben, Eigentum des Herausgebers. Die Vervielf\u00e4ltigung jeglicher Daten von diesem Internet-Angebot ohne vorherige Zustimmung des Herausgebers ist untersagt, dies gilt insbesondere f\u00fcr die Vervielf\u00e4ltigung sowie die Speicherung und Bearbeitung in elektronischen Medien.<br><br><strong>Bildrechte<\/strong><br>F\u00fcr die \u00dcberlassung des Bildmaterials bedanken wir uns recht herzlich bei unseren Mitgliedern.<br><br>Bildrechte externer Agenturen sind in der\u00a0<a href=\"https:\/\/www.tusa06.de\/impressum.html#456824a99209b7e79\">anh\u00e4ngenden Tabelle<\/a>\u00a0kenntlich gemacht.<br><br><strong>Rechtliche Hinweise<br><\/strong>Der Herausgeber dieser Seiten kann keinerlei Gew\u00e4hr f\u00fcr die Richtigkeit aller Daten und Angaben \u00fcbernehmen. Ein Rechts- oder Ersatzanspruch aufgrund falscher Darstellungen (soweit sie nicht Ehren- oder Sittenrechte bzw. sonstige Gesetze verletzen) wird hiermit zur\u00fcckgewiesen. Der Herausgeber weist ausdr\u00fccklich darauf hin, dass f\u00fcr den Inhalt von verlinkten Seiten der jeweilige Betreiber die Verantwortung tr\u00e4gt.<br><br><strong>K\u00fcndigung<br><br><\/strong>Die Mitgliedschaft bei uns kann mit Monatsfrist jeweils zum 30.6. und 31.12. gek\u00fcndigt werden. Da unsere Gesch\u00e4ftsstelle nicht st\u00e4ndig besetzt ist, macht ein Einschreiben keinen Sinn. Das Schreiben einfach als normalen Brief oder per Mail senden, wir best\u00e4tigen Ihnen den Eingang der K\u00fcndigung umgehend.<br><br>Eine Vorlage zur K\u00fcndigung der Mitgliedschaft findest Du\u00a0<a href=\"https:\/\/www.tusa06.de\/unser-verein\/mitgliedschaft--kuendigung\/index.html\">hier.<\/a><\/p>\n","protected":false},"excerpt":{"rendered":"<p>Impressum DJK TUSA 06 D\u00fcsseldorf e.V. Postanschrift: Fleher Str. 224b40223 D\u00fcsseldorf T: 0179 11 90 172E-Mail:\u00a0verein@tusa06.de Registernummer-Nr.:3922, Vereinsregister D\u00fcsseldorf Steuernummer: 106\/5742\/0376, Finanzamt D\u00fcsseldorf-S\u00fcd Gemeinn\u00fctzige Anerkennung gem. Freistellung vom&nbsp;30.09.2024Vorstand lt. \u00a726 BGB: Ute Groth, Gunter Bliss-M\u00fcller, Frank Heemsoth,&nbsp;Gesch\u00e4ftsf\u00fchrerin lt. \u00a730 BGB: Anke Teraa UrheberrechteAlle Grafiken, Bilder, Texte und sonstigen Daten im Umfang dieses Internet-Angebotes sind urheberrechtlich [&hellip;]<\/p>\n","protected":false},"author":1,"featured_media":0,"parent":0,"menu_order":0,"comment_status":"closed","ping_status":"open","template":"","meta":{"footnotes":""},"class_list":["post-854","page","type-page","status-publish","hentry"],"_links":{"self":[{"href":"https:\/\/volleyball-city-girls.tusa06.de\/index.php?rest_route=\/wp\/v2\/pages\/854","targetHints":{"allow":["GET"]}}],"collection":[{"href":"https:\/\/volleyball-city-girls.tusa06.de\/index.php?rest_route=\/wp\/v2\/pages"}],"about":[{"href":"https:\/\/volleyball-city-girls.tusa06.de\/index.php?rest_route=\/wp\/v2\/types\/page"}],"author":[{"embeddable":true,"href":"https:\/\/volleyball-city-girls.tusa06.de\/index.php?rest_route=\/wp\/v2\/users\/1"}],"replies":[{"embeddable":true,"href":"https:\/\/volleyball-city-girls.tusa06.de\/index.php?rest_route=%2Fwp%2Fv2%2Fcomments&post=854"}],"version-history":[{"count":2,"href":"https:\/\/volleyball-city-girls.tusa06.de\/index.php?rest_route=\/wp\/v2\/pages\/854\/revisions"}],"predecessor-version":[{"id":1799,"href":"https:\/\/volleyball-city-girls.tusa06.de\/index.php?rest_route=\/wp\/v2\/pages\/854\/revisions\/1799"}],"wp:attachment":[{"href":"https:\/\/volleyball-city-girls.tusa06.de\/index.php?rest_route=%2Fwp%2Fv2%2Fmedia&parent=854"}],"curies":[{"name":"wp","href":"https:\/\/api.w.org\/{rel}","templated":true}]}}